{"id":6,"date":"2026-04-27T12:52:28","date_gmt":"2026-04-27T12:52:28","guid":{"rendered":"https:\/\/armurerie-peyron.79-137-88-67.plesk.page\/?page_id=6"},"modified":"2026-04-27T15:01:24","modified_gmt":"2026-04-27T15:01:24","slug":"accueil","status":"publish","type":"page","link":"https:\/\/armurerie-peyron.pro\/","title":{"rendered":"Accueil"},"content":{"rendered":"\t\t<div data-elementor-type=\"wp-page\" data-elementor-id=\"6\" class=\"elementor elementor-6\" data-elementor-post-type=\"page\">\n\t\t\t\t<div class=\"elementor-element elementor-element-0a09396 e-flex e-con-boxed e-con e-parent\" data-id=\"0a09396\" data-element_type=\"container\" data-e-type=\"container\" data-settings=\"{&quot;background_background&quot;:&quot;classic&quot;}\">\n\t\t\t\t\t<div class=\"e-con-inner\">\n\t\t<div class=\"elementor-element elementor-element-90515e9 e-con-full e-flex e-con e-child\" data-id=\"90515e9\" data-element_type=\"container\" data-e-type=\"container\">\n\t\t<div class=\"elementor-element elementor-element-1094ea5 e-con-full e-flex e-con e-child\" data-id=\"1094ea5\" data-element_type=\"container\" data-e-type=\"container\">\n\t\t\t\t<div class=\"elementor-element elementor-element-b716469 elementor-widget elementor-widget-heading\" data-id=\"b716469\" data-element_type=\"widget\" data-e-type=\"widget\" data-widget_type=\"heading.default\">\n\t\t\t\t\t<p class=\"elementor-heading-title elementor-size-default\">Armurerie en Is\u00e8re<\/p>\t\t\t\t<\/div>\n\t\t\t\t<div class=\"elementor-element elementor-element-ca03e9e elementor-widget elementor-widget-heading\" data-id=\"ca03e9e\" data-element_type=\"widget\" data-e-type=\"widget\" data-widget_type=\"heading.default\">\n\t\t\t\t\t<h2 class=\"elementor-heading-title elementor-size-default\">Armes, d\u00e9fense\net loisir pour tous<\/h2>\t\t\t\t<\/div>\n\t\t\t\t<\/div>\n\t\t\t\t<div class=\"elementor-element elementor-element-9c9b2d5 elementor-widget__width-initial elementor-widget elementor-widget-text-editor\" data-id=\"9c9b2d5\" data-element_type=\"widget\" data-e-type=\"widget\" data-widget_type=\"text-editor.default\">\n\t\t\t\t\t\t\t\t\t<p>Armurerie familiale depuis 1979. Armes, atelier de r\u00e9paration, stand de tir et \u00e9quipements outdoor.<br \/>Tout pour les passionn\u00e9s de chasse, p\u00eache et nature en Is\u00e8re, \u00e0 Saint-\u00c9tienne-de-Saint-Geoirs.<\/p>\t\t\t\t\t\t\t\t<\/div>\n\t\t\t\t<\/div>\n\t\t\t\t<div class=\"elementor-element elementor-element-6602f43 elementor-absolute elementor-widget elementor-widget-image\" data-id=\"6602f43\" data-element_type=\"widget\" data-e-type=\"widget\" data-settings=\"{&quot;_position&quot;:&quot;absolute&quot;}\" data-widget_type=\"image.default\">\n\t\t\t\t\t\t\t\t\t\t\t\t\t\t\t<img decoding=\"async\" width=\"204\" height=\"65\" src=\"https:\/\/armurerie-peyron.pro\/wp-content\/uploads\/2026\/04\/Frame-13.svg\" class=\"attachment-full size-full wp-image-128\" alt=\"\" \/>\t\t\t\t\t\t\t\t\t\t\t\t\t\t\t<\/div>\n\t\t\t\t\t<\/div>\n\t\t\t\t<\/div>\n\t\t<div class=\"elementor-element elementor-element-120c912 e-flex e-con-boxed e-con e-parent\" data-id=\"120c912\" data-element_type=\"container\" data-e-type=\"container\">\n\t\t\t\t\t<div class=\"e-con-inner\">\n\t\t<a class=\"elementor-element elementor-element-9fb7f90 e-con-full bg-zoom-hover e-flex e-con e-child\" data-id=\"9fb7f90\" data-element_type=\"container\" data-e-type=\"container\" data-settings=\"{&quot;background_background&quot;:&quot;classic&quot;}\" href=\"https:\/\/armurerie-peyron.pro\/?page_id=52\">\n\t\t\t\t<div class=\"elementor-element elementor-element-6364501 e-transform elementor-widget elementor-widget-heading\" data-id=\"6364501\" data-element_type=\"widget\" data-e-type=\"widget\" data-settings=\"{&quot;_transform_rotateZ_effect&quot;:{&quot;unit&quot;:&quot;px&quot;,&quot;size&quot;:-90,&quot;sizes&quot;:[]},&quot;_transform_rotateZ_effect_tablet&quot;:{&quot;unit&quot;:&quot;deg&quot;,&quot;size&quot;:&quot;&quot;,&quot;sizes&quot;:[]},&quot;_transform_rotateZ_effect_mobile&quot;:{&quot;unit&quot;:&quot;deg&quot;,&quot;size&quot;:&quot;&quot;,&quot;sizes&quot;:[]}}\" data-widget_type=\"heading.default\">\n\t\t\t\t\t<h2 class=\"elementor-heading-title elementor-size-default\">ARMES &amp; ACCESSOIRES DE CHASSE<\/h2>\t\t\t\t<\/div>\n\t\t\t\t<\/a>\n\t\t<a class=\"elementor-element elementor-element-2209444 e-con-full bg-zoom-hover e-flex e-con e-child\" data-id=\"2209444\" data-element_type=\"container\" data-e-type=\"container\" data-settings=\"{&quot;background_background&quot;:&quot;classic&quot;}\" href=\"https:\/\/armurerie-peyron.pro\/?page_id=36\">\n\t\t\t\t<div class=\"elementor-element elementor-element-4c38417 e-transform elementor-widget elementor-widget-heading\" data-id=\"4c38417\" data-element_type=\"widget\" data-e-type=\"widget\" data-settings=\"{&quot;_transform_rotateZ_effect&quot;:{&quot;unit&quot;:&quot;px&quot;,&quot;size&quot;:-90,&quot;sizes&quot;:[]},&quot;_transform_rotateZ_effect_tablet&quot;:{&quot;unit&quot;:&quot;deg&quot;,&quot;size&quot;:&quot;&quot;,&quot;sizes&quot;:[]},&quot;_transform_rotateZ_effect_mobile&quot;:{&quot;unit&quot;:&quot;deg&quot;,&quot;size&quot;:&quot;&quot;,&quot;sizes&quot;:[]}}\" data-widget_type=\"heading.default\">\n\t\t\t\t\t<h2 class=\"elementor-heading-title elementor-size-default\">ACTIVIT\u00c9S DE TIR<\/h2>\t\t\t\t<\/div>\n\t\t\t\t<\/a>\n\t\t<a class=\"elementor-element elementor-element-bd5ff12 e-con-full bg-zoom-hover e-flex e-con e-child\" data-id=\"bd5ff12\" data-element_type=\"container\" data-e-type=\"container\" data-settings=\"{&quot;background_background&quot;:&quot;classic&quot;}\" href=\"https:\/\/armurerie-peyron.pro\/?page_id=56\">\n\t\t\t\t<div class=\"elementor-element elementor-element-84966f1 e-transform elementor-widget elementor-widget-heading\" data-id=\"84966f1\" data-element_type=\"widget\" data-e-type=\"widget\" data-settings=\"{&quot;_transform_rotateZ_effect&quot;:{&quot;unit&quot;:&quot;px&quot;,&quot;size&quot;:-90,&quot;sizes&quot;:[]},&quot;_transform_rotateZ_effect_tablet&quot;:{&quot;unit&quot;:&quot;deg&quot;,&quot;size&quot;:&quot;&quot;,&quot;sizes&quot;:[]},&quot;_transform_rotateZ_effect_mobile&quot;:{&quot;unit&quot;:&quot;deg&quot;,&quot;size&quot;:&quot;&quot;,&quot;sizes&quot;:[]}}\" data-widget_type=\"heading.default\">\n\t\t\t\t\t<h2 class=\"elementor-heading-title elementor-size-default\">TEXTILE &amp; \u00c9QUIPEMENT<\/h2>\t\t\t\t<\/div>\n\t\t\t\t<\/a>\n\t\t<a class=\"elementor-element elementor-element-53f07ec e-con-full bg-zoom-hover e-flex e-con e-child\" data-id=\"53f07ec\" data-element_type=\"container\" data-e-type=\"container\" data-settings=\"{&quot;background_background&quot;:&quot;classic&quot;}\" href=\"https:\/\/armurerie-peyron.pro\/?page_id=54\">\n\t\t\t\t<div class=\"elementor-element elementor-element-c59f744 e-transform elementor-widget elementor-widget-heading\" data-id=\"c59f744\" data-element_type=\"widget\" data-e-type=\"widget\" data-settings=\"{&quot;_transform_rotateZ_effect&quot;:{&quot;unit&quot;:&quot;px&quot;,&quot;size&quot;:-90,&quot;sizes&quot;:[]},&quot;_transform_rotateZ_effect_tablet&quot;:{&quot;unit&quot;:&quot;deg&quot;,&quot;size&quot;:&quot;&quot;,&quot;sizes&quot;:[]},&quot;_transform_rotateZ_effect_mobile&quot;:{&quot;unit&quot;:&quot;deg&quot;,&quot;size&quot;:&quot;&quot;,&quot;sizes&quot;:[]}}\" data-widget_type=\"heading.default\">\n\t\t\t\t\t<h2 class=\"elementor-heading-title elementor-size-default\">P\u00caCHE &amp; \u00c9QUITATON<\/h2>\t\t\t\t<\/div>\n\t\t\t\t<\/a>\n\t\t\t\t\t<\/div>\n\t\t\t\t<\/div>\n\t\t<div class=\"elementor-element elementor-element-90dacea e-flex e-con-boxed e-con e-parent\" data-id=\"90dacea\" data-element_type=\"container\" data-e-type=\"container\">\n\t\t\t\t\t<div class=\"e-con-inner\">\n\t\t<div class=\"elementor-element elementor-element-8f1e2f5 e-con-full e-flex e-con e-child\" data-id=\"8f1e2f5\" data-element_type=\"container\" data-e-type=\"container\" data-settings=\"{&quot;background_background&quot;:&quot;classic&quot;}\">\n\t\t\t\t<\/div>\n\t\t\t\t\t<\/div>\n\t\t\t\t<\/div>\n\t\t\t\t<\/div>\n\t\t","protected":false},"excerpt":{"rendered":"<p>Armurerie en Is\u00e8re Armes, d\u00e9fense et loisir pour tous Armurerie familiale depuis 1979. Armes, atelier de r\u00e9paration, stand de tir et \u00e9quipements outdoor.Tout pour les passionn\u00e9s de chasse, p\u00eache et nature en Is\u00e8re, \u00e0 Saint-\u00c9tienne-de-Saint-Geoirs. ARMES &amp; ACCESSOIRES DE CHASSE ACTIVIT\u00c9S DE TIR TEXTILE &amp; \u00c9QUIPEMENT P\u00caCHE &amp; \u00c9QUITATON<\/p>\n","protected":false},"author":1,"featured_media":0,"parent":0,"menu_order":0,"comment_status":"closed","ping_status":"closed","template":"","meta":{"_acf_changed":false,"inline_featured_image":false,"footnotes":""},"class_list":["post-6","page","type-page","status-publish","hentry"],"acf":[],"yoast_head":"<!-- This site is optimized with the Yoast SEO plugin v27.4 - https:\/\/yoast.com\/product\/yoast-seo-wordpress\/ -->\n<title>Accueil - Armurerie Peyron<\/title>\n<meta name=\"robots\" content=\"noindex, follow, max-snippet:-1, max-image-preview:large, max-video-preview:-1\" \/>\n<meta property=\"og:locale\" content=\"fr_FR\" \/>\n<meta property=\"og:type\" content=\"article\" \/>\n<meta property=\"og:title\" content=\"Accueil - Armurerie Peyron\" \/>\n<meta property=\"og:description\" content=\"Armurerie en Is\u00e8re Armes, d\u00e9fense et loisir pour tous Armurerie familiale depuis 1979. Armes, atelier de r\u00e9paration, stand de tir et \u00e9quipements outdoor.Tout pour les passionn\u00e9s de chasse, p\u00eache et nature en Is\u00e8re, \u00e0 Saint-\u00c9tienne-de-Saint-Geoirs. ARMES &amp; ACCESSOIRES DE CHASSE ACTIVIT\u00c9S DE TIR TEXTILE &amp; \u00c9QUIPEMENT P\u00caCHE &amp; \u00c9QUITATON\" \/>\n<meta property=\"og:url\" content=\"https:\/\/armurerie-peyron.pro\/\" \/>\n<meta property=\"og:site_name\" content=\"Armurerie Peyron\" \/>\n<meta property=\"article:modified_time\" content=\"2026-04-27T15:01:24+00:00\" \/>\n<meta name=\"twitter:card\" content=\"summary_large_image\" \/>\n<meta name=\"twitter:label1\" content=\"Dur\u00e9e de lecture estim\u00e9e\" \/>\n\t<meta name=\"twitter:data1\" content=\"1 minute\" \/>\n<script type=\"application\/ld+json\" class=\"yoast-schema-graph\">{\"@context\":\"https:\\\/\\\/schema.org\",\"@graph\":[{\"@type\":\"WebPage\",\"@id\":\"https:\\\/\\\/armurerie-peyron.pro\\\/\",\"url\":\"https:\\\/\\\/armurerie-peyron.pro\\\/\",\"name\":\"Accueil - Armurerie Peyron\",\"isPartOf\":{\"@id\":\"https:\\\/\\\/armurerie-peyron.pro\\\/#website\"},\"primaryImageOfPage\":{\"@id\":\"https:\\\/\\\/armurerie-peyron.pro\\\/#primaryimage\"},\"image\":{\"@id\":\"https:\\\/\\\/armurerie-peyron.pro\\\/#primaryimage\"},\"thumbnailUrl\":\"https:\\\/\\\/armurerie-peyron.pro\\\/wp-content\\\/uploads\\\/2026\\\/04\\\/Frame-13.svg\",\"datePublished\":\"2026-04-27T12:52:28+00:00\",\"dateModified\":\"2026-04-27T15:01:24+00:00\",\"breadcrumb\":{\"@id\":\"https:\\\/\\\/armurerie-peyron.pro\\\/#breadcrumb\"},\"inLanguage\":\"fr-FR\",\"potentialAction\":[{\"@type\":\"ReadAction\",\"target\":[\"https:\\\/\\\/armurerie-peyron.pro\\\/\"]}]},{\"@type\":\"ImageObject\",\"inLanguage\":\"fr-FR\",\"@id\":\"https:\\\/\\\/armurerie-peyron.pro\\\/#primaryimage\",\"url\":\"https:\\\/\\\/armurerie-peyron.pro\\\/wp-content\\\/uploads\\\/2026\\\/04\\\/Frame-13.svg\",\"contentUrl\":\"https:\\\/\\\/armurerie-peyron.pro\\\/wp-content\\\/uploads\\\/2026\\\/04\\\/Frame-13.svg\",\"width\":204,\"height\":65},{\"@type\":\"BreadcrumbList\",\"@id\":\"https:\\\/\\\/armurerie-peyron.pro\\\/#breadcrumb\",\"itemListElement\":[{\"@type\":\"ListItem\",\"position\":1,\"name\":\"Accueil\",\"item\":\"https:\\\/\\\/armurerie-peyron.pro\\\/\"},{\"@type\":\"ListItem\",\"position\":2,\"name\":\"Accueil\"}]},{\"@type\":\"WebSite\",\"@id\":\"https:\\\/\\\/armurerie-peyron.pro\\\/#website\",\"url\":\"https:\\\/\\\/armurerie-peyron.pro\\\/\",\"name\":\"Armurerie Peyron\",\"description\":\"\",\"potentialAction\":[{\"@type\":\"SearchAction\",\"target\":{\"@type\":\"EntryPoint\",\"urlTemplate\":\"https:\\\/\\\/armurerie-peyron.pro\\\/?s={search_term_string}\"},\"query-input\":{\"@type\":\"PropertyValueSpecification\",\"valueRequired\":true,\"valueName\":\"search_term_string\"}}],\"inLanguage\":\"fr-FR\"}]}<\/script>\n<!-- \/ Yoast SEO plugin. -->","yoast_head_json":{"title":"Accueil - Armurerie Peyron","robots":{"index":"noindex","follow":"follow","max-snippet":"max-snippet:-1","max-image-preview":"max-image-preview:large","max-video-preview":"max-video-preview:-1"},"og_locale":"fr_FR","og_type":"article","og_title":"Accueil - Armurerie Peyron","og_description":"Armurerie en Is\u00e8re Armes, d\u00e9fense et loisir pour tous Armurerie familiale depuis 1979. Armes, atelier de r\u00e9paration, stand de tir et \u00e9quipements outdoor.Tout pour les passionn\u00e9s de chasse, p\u00eache et nature en Is\u00e8re, \u00e0 Saint-\u00c9tienne-de-Saint-Geoirs. ARMES &amp; ACCESSOIRES DE CHASSE ACTIVIT\u00c9S DE TIR TEXTILE &amp; \u00c9QUIPEMENT P\u00caCHE &amp; \u00c9QUITATON","og_url":"https:\/\/armurerie-peyron.pro\/","og_site_name":"Armurerie Peyron","article_modified_time":"2026-04-27T15:01:24+00:00","twitter_card":"summary_large_image","twitter_misc":{"Dur\u00e9e de lecture estim\u00e9e":"1 minute"},"schema":{"@context":"https:\/\/schema.org","@graph":[{"@type":"WebPage","@id":"https:\/\/armurerie-peyron.pro\/","url":"https:\/\/armurerie-peyron.pro\/","name":"Accueil - Armurerie Peyron","isPartOf":{"@id":"https:\/\/armurerie-peyron.pro\/#website"},"primaryImageOfPage":{"@id":"https:\/\/armurerie-peyron.pro\/#primaryimage"},"image":{"@id":"https:\/\/armurerie-peyron.pro\/#primaryimage"},"thumbnailUrl":"https:\/\/armurerie-peyron.pro\/wp-content\/uploads\/2026\/04\/Frame-13.svg","datePublished":"2026-04-27T12:52:28+00:00","dateModified":"2026-04-27T15:01:24+00:00","breadcrumb":{"@id":"https:\/\/armurerie-peyron.pro\/#breadcrumb"},"inLanguage":"fr-FR","potentialAction":[{"@type":"ReadAction","target":["https:\/\/armurerie-peyron.pro\/"]}]},{"@type":"ImageObject","inLanguage":"fr-FR","@id":"https:\/\/armurerie-peyron.pro\/#primaryimage","url":"https:\/\/armurerie-peyron.pro\/wp-content\/uploads\/2026\/04\/Frame-13.svg","contentUrl":"https:\/\/armurerie-peyron.pro\/wp-content\/uploads\/2026\/04\/Frame-13.svg","width":204,"height":65},{"@type":"BreadcrumbList","@id":"https:\/\/armurerie-peyron.pro\/#breadcrumb","itemListElement":[{"@type":"ListItem","position":1,"name":"Accueil","item":"https:\/\/armurerie-peyron.pro\/"},{"@type":"ListItem","position":2,"name":"Accueil"}]},{"@type":"WebSite","@id":"https:\/\/armurerie-peyron.pro\/#website","url":"https:\/\/armurerie-peyron.pro\/","name":"Armurerie Peyron","description":"","potentialAction":[{"@type":"SearchAction","target":{"@type":"EntryPoint","urlTemplate":"https:\/\/armurerie-peyron.pro\/?s={search_term_string}"},"query-input":{"@type":"PropertyValueSpecification","valueRequired":true,"valueName":"search_term_string"}}],"inLanguage":"fr-FR"}]}},"_links":{"self":[{"href":"https:\/\/armurerie-peyron.pro\/index.php?rest_route=\/wp\/v2\/pages\/6","targetHints":{"allow":["GET"]}}],"collection":[{"href":"https:\/\/armurerie-peyron.pro\/index.php?rest_route=\/wp\/v2\/pages"}],"about":[{"href":"https:\/\/armurerie-peyron.pro\/index.php?rest_route=\/wp\/v2\/types\/page"}],"author":[{"embeddable":true,"href":"https:\/\/armurerie-peyron.pro\/index.php?rest_route=\/wp\/v2\/users\/1"}],"replies":[{"embeddable":true,"href":"https:\/\/armurerie-peyron.pro\/index.php?rest_route=%2Fwp%2Fv2%2Fcomments&post=6"}],"version-history":[{"count":64,"href":"https:\/\/armurerie-peyron.pro\/index.php?rest_route=\/wp\/v2\/pages\/6\/revisions"}],"predecessor-version":[{"id":198,"href":"https:\/\/armurerie-peyron.pro\/index.php?rest_route=\/wp\/v2\/pages\/6\/revisions\/198"}],"wp:attachment":[{"href":"https:\/\/armurerie-peyron.pro\/index.php?rest_route=%2Fwp%2Fv2%2Fmedia&parent=6"}],"curies":[{"name":"wp","href":"https:\/\/api.w.org\/{rel}","templated":true}]}}